{"id":8,"date":"2024-01-29T23:30:35","date_gmt":"2024-01-29T23:30:35","guid":{"rendered":"https:\/\/pazsantibanez.com\/?page_id=8"},"modified":"2024-03-01T13:25:28","modified_gmt":"2024-03-01T13:25:28","slug":"contacto","status":"publish","type":"page","link":"https:\/\/pazsantibanez.com\/?page_id=8","title":{"rendered":"Contacto"},"content":{"rendered":"\n<p><\/p>\n\n\n\n<div class=\"wp-block-uagb-forms uagb-forms__outer-wrap uagb-block-dccb5ff3 uagb-forms__medium-btn\"><form class=\"uagb-forms-main-form\" method=\"post\" autocomplete=\"on\" name=\"uagb-form-dccb5ff3\">\n<div class=\"wp-block-uagb-forms-name uagb-forms-name-wrap uagb-forms-field-set uagb-block-198959b0\"><div class=\"uagb-forms-name-label required uagb-forms-input-label\" id=\"198959b0\">Nombre<\/div><input type=\"text\" placeholder=\"Tu nombre\" required class=\"uagb-forms-name-input uagb-forms-input\" name=\"198959b0\" autocomplete=\"given-name\"\/><\/div>\n\n\n\n<div class=\"wp-block-uagb-forms-date uagb-forms-date-wrap uagb-forms-field-set uagb-block-89de8494\"><div class=\"uagb-forms-date-label  uagb-forms-input-label\" id=\"89de8494\">Fecha<\/div><input type=\"date\" class=\"uagb-forms-date-input uagb-forms-input\" name=\"89de8494\" autocomplete=\"bday\" aria-label=\"Fecha\"\/><\/div>\n\n\n\n<div class=\"wp-block-uagb-forms-email uagb-forms-email-wrap uagb-forms-field-set uagb-block-1d693db3\"><div class=\"uagb-forms-email-label  uagb-forms-input-label\" id=\"1d693db3\">Correo electr\u00f3nico<\/div><input type=\"email\" class=\"uagb-forms-email-input uagb-forms-input\" placeholder=\"ejemplo@correo.cl\" name=\"1d693db3\" autocomplete=\"email\"\/><\/div>\n\n\n\n<div class=\"wp-block-uagb-forms-textarea uagb-forms-textarea-wrap uagb-forms-field-set uagb-block-de0fb758\"><div class=\"uagb-forms-textarea-label required uagb-forms-input-label\" id=\"de0fb758\">Mensaje<\/div><textarea required class=\"uagb-forms-textarea-input uagb-forms-input\" rows=\"4\" placeholder=\"Introduce tu mensaje\" name=\"de0fb758\" autocomplete=\"off\"><\/textarea><\/div>\n<div class=\"uagb-forms-form-hidden-data\"><input type=\"hidden\" class=\"uagb_forms_form_label\" value=\"Formulario Spectra\"\/><input type=\"hidden\" class=\"uagb_forms_form_id\" value=\"uagb-form-dccb5ff3\"\/><\/div><div class=\"uagb-form-reacaptcha-error-dccb5ff3\"><\/div><div class=\"uagb-forms-main-submit-button-wrap wp-block-button\"><button class=\"uagb-forms-main-submit-button wp-block-button__link\"><div class=\"uagb-forms-main-submit-button-text\">Enviar<\/div><\/button><\/div><\/form><div class=\"uagb-forms-success-message-dccb5ff3 uagb-forms-submit-message-hide\"><span>\u00a1El formulario ha sido enviado correctamente!<\/span><\/div><div class=\"uagb-forms-failed-message-dccb5ff3 uagb-forms-submit-message-hide\"><span>Ha ocurrido alg\u00fan error al enviar el formulario. Por favor, revisa de nuevo todos los campos.<\/span><\/div><\/div>\n","protected":false},"excerpt":{"rendered":"","protected":false},"author":1,"featured_media":0,"parent":0,"menu_order":4,"comment_status":"closed","ping_status":"closed","template":"","meta":{"_uag_custom_page_level_css":"","ngg_post_thumbnail":0,"footnotes":""},"class_list":["post-8","page","type-page","status-publish","hentry"],"yoast_head":"<!-- This site is optimized with the Yoast SEO plugin v23.0 - https:\/\/yoast.com\/wordpress\/plugins\/seo\/ -->\n<title>Contacto<\/title>\n<meta name=\"description\" content=\"Nos complace compartir con ustedes nuestra experiencia y trayectoria de 12 a\u00f1os en la industria de la planificaci\u00f3n y producci\u00f3n de eventos\" \/>\n<meta name=\"robots\" content=\"index, follow, max-snippet:-1, max-image-preview:large, max-video-preview:-1\" \/>\n<link rel=\"canonical\" href=\"https:\/\/pazsantibanez.com\/?page_id=8\" \/>\n<meta property=\"og:locale\" content=\"es_ES\" \/>\n<meta property=\"og:type\" content=\"article\" \/>\n<meta property=\"og:title\" content=\"Contacto\" \/>\n<meta property=\"og:description\" content=\"Nos complace compartir con ustedes nuestra experiencia y trayectoria de 12 a\u00f1os en la industria de la planificaci\u00f3n y producci\u00f3n de eventos\" \/>\n<meta property=\"og:url\" content=\"https:\/\/pazsantibanez.com\/?page_id=8\" \/>\n<meta property=\"og:site_name\" content=\"Banqueteria Paz Santiba\u00f1ez\" \/>\n<meta property=\"article:publisher\" content=\"https:\/\/www.facebook.com\/BanqueteriaPazSantibanez\/\" \/>\n<meta property=\"article:modified_time\" content=\"2024-03-01T13:25:28+00:00\" \/>\n<meta property=\"og:image\" content=\"https:\/\/pazsantibanez.com\/wp-content\/uploads\/2024\/02\/paz-santibanez.jpg\" \/>\n\t<meta property=\"og:image:width\" content=\"1080\" \/>\n\t<meta property=\"og:image:height\" content=\"1080\" \/>\n\t<meta property=\"og:image:type\" content=\"image\/jpeg\" \/>\n<meta name=\"twitter:card\" content=\"summary_large_image\" \/>\n<meta name=\"twitter:label1\" content=\"Tiempo de lectura\" \/>\n\t<meta name=\"twitter:data1\" content=\"1 minuto\" \/>\n<script type=\"application\/ld+json\" class=\"yoast-schema-graph\">{\"@context\":\"https:\/\/schema.org\",\"@graph\":[{\"@type\":\"WebPage\",\"@id\":\"https:\/\/pazsantibanez.com\/?page_id=8\",\"url\":\"https:\/\/pazsantibanez.com\/?page_id=8\",\"name\":\"Contacto\",\"isPartOf\":{\"@id\":\"https:\/\/pazsantibanez.com\/#website\"},\"datePublished\":\"2024-01-29T23:30:35+00:00\",\"dateModified\":\"2024-03-01T13:25:28+00:00\",\"description\":\"Nos complace compartir con ustedes nuestra experiencia y trayectoria de 12 a\u00f1os en la industria de la planificaci\u00f3n y producci\u00f3n de eventos\",\"breadcrumb\":{\"@id\":\"https:\/\/pazsantibanez.com\/?page_id=8#breadcrumb\"},\"inLanguage\":\"es\",\"potentialAction\":[{\"@type\":\"ReadAction\",\"target\":[\"https:\/\/pazsantibanez.com\/?page_id=8\"]}]},{\"@type\":\"BreadcrumbList\",\"@id\":\"https:\/\/pazsantibanez.com\/?page_id=8#breadcrumb\",\"itemListElement\":[{\"@type\":\"ListItem\",\"position\":1,\"name\":\"Portada\",\"item\":\"https:\/\/pazsantibanez.com\/\"},{\"@type\":\"ListItem\",\"position\":2,\"name\":\"Contacto\"}]},{\"@type\":\"WebSite\",\"@id\":\"https:\/\/pazsantibanez.com\/#website\",\"url\":\"https:\/\/pazsantibanez.com\/\",\"name\":\"Banqueteria PazSantiba\u00f1ez\",\"description\":\"Banqueteria y Producci\u00f3n de Eventos\",\"publisher\":{\"@id\":\"https:\/\/pazsantibanez.com\/#organization\"},\"potentialAction\":[{\"@type\":\"SearchAction\",\"target\":{\"@type\":\"EntryPoint\",\"urlTemplate\":\"https:\/\/pazsantibanez.com\/?s={search_term_string}\"},\"query-input\":\"required name=search_term_string\"}],\"inLanguage\":\"es\"},{\"@type\":\"Organization\",\"@id\":\"https:\/\/pazsantibanez.com\/#organization\",\"name\":\"Banqueteria PazSantiba\u00f1ez\",\"alternateName\":\"Banqueteria y Producci\u00f3n de Eventos\",\"url\":\"https:\/\/pazsantibanez.com\/\",\"logo\":{\"@type\":\"ImageObject\",\"inLanguage\":\"es\",\"@id\":\"https:\/\/pazsantibanez.com\/#\/schema\/logo\/image\/\",\"url\":\"https:\/\/pazsantibanez.com\/wp-content\/uploads\/2024\/02\/paz-santibanez.jpg\",\"contentUrl\":\"https:\/\/pazsantibanez.com\/wp-content\/uploads\/2024\/02\/paz-santibanez.jpg\",\"width\":1080,\"height\":1080,\"caption\":\"Banqueteria PazSantiba\u00f1ez\"},\"image\":{\"@id\":\"https:\/\/pazsantibanez.com\/#\/schema\/logo\/image\/\"},\"sameAs\":[\"https:\/\/www.facebook.com\/BanqueteriaPazSantibanez\/\",\"https:\/\/www.instagram.com\/banqueteriapazsantibanez\/\"]}]}<\/script>\n<!-- \/ Yoast SEO plugin. -->","yoast_head_json":{"title":"Contacto","description":"Nos complace compartir con ustedes nuestra experiencia y trayectoria de 12 a\u00f1os en la industria de la planificaci\u00f3n y producci\u00f3n de eventos","robots":{"index":"index","follow":"follow","max-snippet":"max-snippet:-1","max-image-preview":"max-image-preview:large","max-video-preview":"max-video-preview:-1"},"canonical":"https:\/\/pazsantibanez.com\/?page_id=8","og_locale":"es_ES","og_type":"article","og_title":"Contacto","og_description":"Nos complace compartir con ustedes nuestra experiencia y trayectoria de 12 a\u00f1os en la industria de la planificaci\u00f3n y producci\u00f3n de eventos","og_url":"https:\/\/pazsantibanez.com\/?page_id=8","og_site_name":"Banqueteria Paz Santiba\u00f1ez","article_publisher":"https:\/\/www.facebook.com\/BanqueteriaPazSantibanez\/","article_modified_time":"2024-03-01T13:25:28+00:00","og_image":[{"width":1080,"height":1080,"url":"https:\/\/pazsantibanez.com\/wp-content\/uploads\/2024\/02\/paz-santibanez.jpg","type":"image\/jpeg"}],"twitter_card":"summary_large_image","twitter_misc":{"Tiempo de lectura":"1 minuto"},"schema":{"@context":"https:\/\/schema.org","@graph":[{"@type":"WebPage","@id":"https:\/\/pazsantibanez.com\/?page_id=8","url":"https:\/\/pazsantibanez.com\/?page_id=8","name":"Contacto","isPartOf":{"@id":"https:\/\/pazsantibanez.com\/#website"},"datePublished":"2024-01-29T23:30:35+00:00","dateModified":"2024-03-01T13:25:28+00:00","description":"Nos complace compartir con ustedes nuestra experiencia y trayectoria de 12 a\u00f1os en la industria de la planificaci\u00f3n y producci\u00f3n de eventos","breadcrumb":{"@id":"https:\/\/pazsantibanez.com\/?page_id=8#breadcrumb"},"inLanguage":"es","potentialAction":[{"@type":"ReadAction","target":["https:\/\/pazsantibanez.com\/?page_id=8"]}]},{"@type":"BreadcrumbList","@id":"https:\/\/pazsantibanez.com\/?page_id=8#breadcrumb","itemListElement":[{"@type":"ListItem","position":1,"name":"Portada","item":"https:\/\/pazsantibanez.com\/"},{"@type":"ListItem","position":2,"name":"Contacto"}]},{"@type":"WebSite","@id":"https:\/\/pazsantibanez.com\/#website","url":"https:\/\/pazsantibanez.com\/","name":"Banqueteria PazSantiba\u00f1ez","description":"Banqueteria y Producci\u00f3n de Eventos","publisher":{"@id":"https:\/\/pazsantibanez.com\/#organization"},"potentialAction":[{"@type":"SearchAction","target":{"@type":"EntryPoint","urlTemplate":"https:\/\/pazsantibanez.com\/?s={search_term_string}"},"query-input":"required name=search_term_string"}],"inLanguage":"es"},{"@type":"Organization","@id":"https:\/\/pazsantibanez.com\/#organization","name":"Banqueteria PazSantiba\u00f1ez","alternateName":"Banqueteria y Producci\u00f3n de Eventos","url":"https:\/\/pazsantibanez.com\/","logo":{"@type":"ImageObject","inLanguage":"es","@id":"https:\/\/pazsantibanez.com\/#\/schema\/logo\/image\/","url":"https:\/\/pazsantibanez.com\/wp-content\/uploads\/2024\/02\/paz-santibanez.jpg","contentUrl":"https:\/\/pazsantibanez.com\/wp-content\/uploads\/2024\/02\/paz-santibanez.jpg","width":1080,"height":1080,"caption":"Banqueteria PazSantiba\u00f1ez"},"image":{"@id":"https:\/\/pazsantibanez.com\/#\/schema\/logo\/image\/"},"sameAs":["https:\/\/www.facebook.com\/BanqueteriaPazSantibanez\/","https:\/\/www.instagram.com\/banqueteriapazsantibanez\/"]}]}},"uagb_featured_image_src":{"full":false,"thumbnail":false,"medium":false,"medium_large":false,"large":false,"1536x1536":false,"2048x2048":false},"uagb_author_info":{"display_name":"admin","author_link":"https:\/\/pazsantibanez.com\/?author=1"},"uagb_comment_info":0,"uagb_excerpt":null,"_links":{"self":[{"href":"https:\/\/pazsantibanez.com\/index.php?rest_route=\/wp\/v2\/pages\/8","targetHints":{"allow":["GET"]}}],"collection":[{"href":"https:\/\/pazsantibanez.com\/index.php?rest_route=\/wp\/v2\/pages"}],"about":[{"href":"https:\/\/pazsantibanez.com\/index.php?rest_route=\/wp\/v2\/types\/page"}],"author":[{"embeddable":true,"href":"https:\/\/pazsantibanez.com\/index.php?rest_route=\/wp\/v2\/users\/1"}],"replies":[{"embeddable":true,"href":"https:\/\/pazsantibanez.com\/index.php?rest_route=%2Fwp%2Fv2%2Fcomments&post=8"}],"version-history":[{"count":13,"href":"https:\/\/pazsantibanez.com\/index.php?rest_route=\/wp\/v2\/pages\/8\/revisions"}],"predecessor-version":[{"id":433,"href":"https:\/\/pazsantibanez.com\/index.php?rest_route=\/wp\/v2\/pages\/8\/revisions\/433"}],"wp:attachment":[{"href":"https:\/\/pazsantibanez.com\/index.php?rest_route=%2Fwp%2Fv2%2Fmedia&parent=8"}],"curies":[{"name":"wp","href":"https:\/\/api.w.org\/{rel}","templated":true}]}}