{"id":15,"date":"2024-01-29T23:31:31","date_gmt":"2024-01-29T23:31:31","guid":{"rendered":"https:\/\/pazsantibanez.com\/?page_id=15"},"modified":"2026-01-05T01:50:10","modified_gmt":"2026-01-05T01:50:10","slug":"nosotros","status":"publish","type":"page","link":"https:\/\/pazsantibanez.com\/?page_id=15","title":{"rendered":"Nosotros"},"content":{"rendered":"\n<div class=\"wp-block-columns is-layout-flex wp-container-core-columns-is-layout-28f84493 wp-block-columns-is-layout-flex\">\n<div class=\"wp-block-column is-layout-flow wp-block-column-is-layout-flow\" style=\"flex-basis:33.33%\">\n<figure data-wp-context=\"{&quot;imageId&quot;:&quot;69e254d40417e&quot;}\" data-wp-interactive=\"core\/image\" data-wp-key=\"69e254d40417e\" class=\"wp-block-image size-full is-resized wp-lightbox-container\"><img loading=\"lazy\" decoding=\"async\" width=\"1067\" height=\"1600\" data-wp-class--hide=\"state.isContentHidden\" data-wp-class--show=\"state.isContentVisible\" data-wp-init=\"callbacks.setButtonStyles\" data-wp-on--click=\"actions.showLightbox\" data-wp-on--load=\"callbacks.setButtonStyles\" data-wp-on-window--resize=\"callbacks.setButtonStyles\" src=\"https:\/\/pazsantibanez.com\/wp-content\/uploads\/2024\/02\/IMG_3118.jpg\" alt=\"\" class=\"wp-image-399\" style=\"width:249px;height:auto\" srcset=\"https:\/\/pazsantibanez.com\/wp-content\/uploads\/2024\/02\/IMG_3118.jpg 1067w, https:\/\/pazsantibanez.com\/wp-content\/uploads\/2024\/02\/IMG_3118-200x300.jpg 200w, https:\/\/pazsantibanez.com\/wp-content\/uploads\/2024\/02\/IMG_3118-683x1024.jpg 683w, https:\/\/pazsantibanez.com\/wp-content\/uploads\/2024\/02\/IMG_3118-768x1152.jpg 768w, https:\/\/pazsantibanez.com\/wp-content\/uploads\/2024\/02\/IMG_3118-1024x1536.jpg 1024w\" sizes=\"auto, (max-width: 1067px) 100vw, 1067px\" \/><button\n\t\t\tclass=\"lightbox-trigger\"\n\t\t\ttype=\"button\"\n\t\t\taria-haspopup=\"dialog\"\n\t\t\taria-label=\"Agrandar\"\n\t\t\tdata-wp-init=\"callbacks.initTriggerButton\"\n\t\t\tdata-wp-on--click=\"actions.showLightbox\"\n\t\t\tdata-wp-style--right=\"state.imageButtonRight\"\n\t\t\tdata-wp-style--top=\"state.imageButtonTop\"\n\t\t>\n\t\t\t<svg xmlns=\"http:\/\/www.w3.org\/2000\/svg\" width=\"12\" height=\"12\" fill=\"none\" viewBox=\"0 0 12 12\">\n\t\t\t\t<path fill=\"#fff\" d=\"M2 0a2 2 0 0 0-2 2v2h1.5V2a.5.5 0 0 1 .5-.5h2V0H2Zm2 10.5H2a.5.5 0 0 1-.5-.5V8H0v2a2 2 0 0 0 2 2h2v-1.5ZM8 12v-1.5h2a.5.5 0 0 0 .5-.5V8H12v2a2 2 0 0 1-2 2H8Zm2-12a2 2 0 0 1 2 2v2h-1.5V2a.5.5 0 0 0-.5-.5H8V0h2Z\" \/>\n\t\t\t<\/svg>\n\t\t<\/button><\/figure>\n<\/div>\n\n\n\n<div class=\"wp-block-column is-layout-flow wp-block-column-is-layout-flow\" style=\"flex-basis:75.66%\">\n<div class=\"wp-block-uagb-info-box uagb-block-20c41b99 uagb-infobox__content-wrap  uagb-infobox-icon-above-title uagb-infobox-image-valign-top\"><div class=\"uagb-ifb-content\"><div class=\"uagb-ifb-title-wrap\"><h3 class=\"uagb-ifb-title\">\u00a1Bienvenidos a nuestra p\u00e1gina web! <\/h3><\/div><p class=\"uagb-ifb-desc\">Nos complace compartir con ustedes nuestra experiencia y trayectoria de 18 a\u00f1os en la industria de la planificaci\u00f3n y producci\u00f3n de eventos.<br>Durante todo este tiempo, hemos tenido el privilegio de ayudar a numerosas parejas a ser realidad sus sue\u00f1os. Desde bodas m\u00e1gicas e inolvidables hasta fiestas tem\u00e1ticas espectaculares, nuestro equipo ha estado al frente de cada detalle para garantizar que cada evento sea \u00fanico y especial.<br>Nos enorgullece decir que nuestra pasi\u00f3n por los eventos y nuestra dedicaci\u00f3n a la excelencia nos han permitido crear una amplia red de proveedores de confianza, lo que nos permite ofrecer una amplia gama de servicios de alta calidad. Desde la elecci\u00f3n del lugar perfecto hasta la selecci\u00f3n del mejor equipo de fotograf\u00eda, decoraci\u00f3n y catering, trabajaremos estrechamente con ustedes para hacer realidad cada uno de sus deseos.<br>Nuestra filosof\u00eda se basa en la atenci\u00f3n personalizada y la comprensi\u00f3n de las necesidades y deseos de cada cliente. Creemos que cada evento deber\u00eda ser un reflejo de su personalidad y estilo \u00fanicos. Por eso, nos tomamos el tiempo necesario para escuchar sus ideas, sugerir opciones creativas y poner en marcha un plan de acci\u00f3n que garantice un resultado exitoso y satisfactorio.<br>En nuestra p\u00e1gina web encontrar\u00e1n ejemplos de nuestros trabajos anteriores, testimonios de nuestros clientes satisfechos y una descripci\u00f3n detallada de nuestros servicios. Adem\u00e1s, nuestro equipo estar\u00e1 encantado de responder cualquier pregunta que pueda surgir y ofrecer asesoramiento personalizado para su evento espec\u00edfico.<br>Durante estos 12 a\u00f1os, hemos aprendido que la planificaci\u00f3n de un evento no se trata solo de la log\u00edstica, sino tambi\u00e9n de crear momentos y recuerdos que durar\u00e1n toda la vida. Nos sentimos honrados de poder compartir esta pasi\u00f3n con ustedes y esperamos poder hacer realidad todos sus sue\u00f1os en su pr\u00f3ximo evento.<br>\u00a1P\u00f3ngase en contacto con nosotros hoy mismo y descubra c\u00f3mo podemos convertir su visi\u00f3n en una realidad!<\/p><\/div><\/div>\n<\/div>\n<\/div>\n\n\n\n<p><\/p>\n","protected":false},"excerpt":{"rendered":"","protected":false},"author":1,"featured_media":0,"parent":0,"menu_order":1,"comment_status":"closed","ping_status":"closed","template":"","meta":{"_uag_custom_page_level_css":"","ngg_post_thumbnail":0,"footnotes":""},"class_list":["post-15","page","type-page","status-publish","hentry"],"yoast_head":"<!-- This site is optimized with the Yoast SEO plugin v23.0 - https:\/\/yoast.com\/wordpress\/plugins\/seo\/ -->\n<title>Nosotros<\/title>\n<meta name=\"description\" content=\"Nos complace compartir con ustedes nuestra experiencia y trayectoria de 12 a\u00f1os en la industria de la planificaci\u00f3n y producci\u00f3n de eventos\" \/>\n<meta name=\"robots\" content=\"index, follow, max-snippet:-1, max-image-preview:large, max-video-preview:-1\" \/>\n<link rel=\"canonical\" href=\"https:\/\/pazsantibanez.com\/?page_id=15\" \/>\n<meta property=\"og:locale\" content=\"es_ES\" \/>\n<meta property=\"og:type\" content=\"article\" \/>\n<meta property=\"og:title\" content=\"Nosotros\" \/>\n<meta property=\"og:description\" content=\"Nos complace compartir con ustedes nuestra experiencia y trayectoria de 12 a\u00f1os en la industria de la planificaci\u00f3n y producci\u00f3n de eventos\" \/>\n<meta property=\"og:url\" content=\"https:\/\/pazsantibanez.com\/?page_id=15\" \/>\n<meta property=\"og:site_name\" content=\"Banqueteria Paz Santiba\u00f1ez\" \/>\n<meta property=\"article:publisher\" content=\"https:\/\/www.facebook.com\/BanqueteriaPazSantibanez\/\" \/>\n<meta property=\"article:modified_time\" content=\"2026-01-05T01:50:10+00:00\" \/>\n<meta property=\"og:image\" content=\"https:\/\/pazsantibanez.com\/wp-content\/uploads\/2024\/02\/IMG_3118.jpg\" \/>\n<meta name=\"twitter:card\" content=\"summary_large_image\" \/>\n<meta name=\"twitter:label1\" content=\"Tiempo de lectura\" \/>\n\t<meta name=\"twitter:data1\" content=\"2 minutos\" \/>\n<script type=\"application\/ld+json\" class=\"yoast-schema-graph\">{\"@context\":\"https:\/\/schema.org\",\"@graph\":[{\"@type\":\"WebPage\",\"@id\":\"https:\/\/pazsantibanez.com\/?page_id=15\",\"url\":\"https:\/\/pazsantibanez.com\/?page_id=15\",\"name\":\"Nosotros\",\"isPartOf\":{\"@id\":\"https:\/\/pazsantibanez.com\/#website\"},\"primaryImageOfPage\":{\"@id\":\"https:\/\/pazsantibanez.com\/?page_id=15#primaryimage\"},\"image\":{\"@id\":\"https:\/\/pazsantibanez.com\/?page_id=15#primaryimage\"},\"thumbnailUrl\":\"https:\/\/pazsantibanez.com\/wp-content\/uploads\/2024\/02\/IMG_3118.jpg\",\"datePublished\":\"2024-01-29T23:31:31+00:00\",\"dateModified\":\"2026-01-05T01:50:10+00:00\",\"description\":\"Nos complace compartir con ustedes nuestra experiencia y trayectoria de 12 a\u00f1os en la industria de la planificaci\u00f3n y producci\u00f3n de eventos\",\"breadcrumb\":{\"@id\":\"https:\/\/pazsantibanez.com\/?page_id=15#breadcrumb\"},\"inLanguage\":\"es\",\"potentialAction\":[{\"@type\":\"ReadAction\",\"target\":[\"https:\/\/pazsantibanez.com\/?page_id=15\"]}]},{\"@type\":\"ImageObject\",\"inLanguage\":\"es\",\"@id\":\"https:\/\/pazsantibanez.com\/?page_id=15#primaryimage\",\"url\":\"https:\/\/pazsantibanez.com\/wp-content\/uploads\/2024\/02\/IMG_3118.jpg\",\"contentUrl\":\"https:\/\/pazsantibanez.com\/wp-content\/uploads\/2024\/02\/IMG_3118.jpg\",\"width\":1067,\"height\":1600},{\"@type\":\"BreadcrumbList\",\"@id\":\"https:\/\/pazsantibanez.com\/?page_id=15#breadcrumb\",\"itemListElement\":[{\"@type\":\"ListItem\",\"position\":1,\"name\":\"Portada\",\"item\":\"https:\/\/pazsantibanez.com\/\"},{\"@type\":\"ListItem\",\"position\":2,\"name\":\"Nosotros\"}]},{\"@type\":\"WebSite\",\"@id\":\"https:\/\/pazsantibanez.com\/#website\",\"url\":\"https:\/\/pazsantibanez.com\/\",\"name\":\"Banqueteria PazSantiba\u00f1ez\",\"description\":\"Banqueteria y Producci\u00f3n de Eventos\",\"publisher\":{\"@id\":\"https:\/\/pazsantibanez.com\/#organization\"},\"potentialAction\":[{\"@type\":\"SearchAction\",\"target\":{\"@type\":\"EntryPoint\",\"urlTemplate\":\"https:\/\/pazsantibanez.com\/?s={search_term_string}\"},\"query-input\":\"required name=search_term_string\"}],\"inLanguage\":\"es\"},{\"@type\":\"Organization\",\"@id\":\"https:\/\/pazsantibanez.com\/#organization\",\"name\":\"Banqueteria PazSantiba\u00f1ez\",\"alternateName\":\"Banqueteria y Producci\u00f3n de Eventos\",\"url\":\"https:\/\/pazsantibanez.com\/\",\"logo\":{\"@type\":\"ImageObject\",\"inLanguage\":\"es\",\"@id\":\"https:\/\/pazsantibanez.com\/#\/schema\/logo\/image\/\",\"url\":\"https:\/\/pazsantibanez.com\/wp-content\/uploads\/2024\/02\/paz-santibanez.jpg\",\"contentUrl\":\"https:\/\/pazsantibanez.com\/wp-content\/uploads\/2024\/02\/paz-santibanez.jpg\",\"width\":1080,\"height\":1080,\"caption\":\"Banqueteria PazSantiba\u00f1ez\"},\"image\":{\"@id\":\"https:\/\/pazsantibanez.com\/#\/schema\/logo\/image\/\"},\"sameAs\":[\"https:\/\/www.facebook.com\/BanqueteriaPazSantibanez\/\",\"https:\/\/www.instagram.com\/banqueteriapazsantibanez\/\"]}]}<\/script>\n<!-- \/ Yoast SEO plugin. -->","yoast_head_json":{"title":"Nosotros","description":"Nos complace compartir con ustedes nuestra experiencia y trayectoria de 12 a\u00f1os en la industria de la planificaci\u00f3n y producci\u00f3n de eventos","robots":{"index":"index","follow":"follow","max-snippet":"max-snippet:-1","max-image-preview":"max-image-preview:large","max-video-preview":"max-video-preview:-1"},"canonical":"https:\/\/pazsantibanez.com\/?page_id=15","og_locale":"es_ES","og_type":"article","og_title":"Nosotros","og_description":"Nos complace compartir con ustedes nuestra experiencia y trayectoria de 12 a\u00f1os en la industria de la planificaci\u00f3n y producci\u00f3n de eventos","og_url":"https:\/\/pazsantibanez.com\/?page_id=15","og_site_name":"Banqueteria Paz Santiba\u00f1ez","article_publisher":"https:\/\/www.facebook.com\/BanqueteriaPazSantibanez\/","article_modified_time":"2026-01-05T01:50:10+00:00","og_image":[{"url":"https:\/\/pazsantibanez.com\/wp-content\/uploads\/2024\/02\/IMG_3118.jpg"}],"twitter_card":"summary_large_image","twitter_misc":{"Tiempo de lectura":"2 minutos"},"schema":{"@context":"https:\/\/schema.org","@graph":[{"@type":"WebPage","@id":"https:\/\/pazsantibanez.com\/?page_id=15","url":"https:\/\/pazsantibanez.com\/?page_id=15","name":"Nosotros","isPartOf":{"@id":"https:\/\/pazsantibanez.com\/#website"},"primaryImageOfPage":{"@id":"https:\/\/pazsantibanez.com\/?page_id=15#primaryimage"},"image":{"@id":"https:\/\/pazsantibanez.com\/?page_id=15#primaryimage"},"thumbnailUrl":"https:\/\/pazsantibanez.com\/wp-content\/uploads\/2024\/02\/IMG_3118.jpg","datePublished":"2024-01-29T23:31:31+00:00","dateModified":"2026-01-05T01:50:10+00:00","description":"Nos complace compartir con ustedes nuestra experiencia y trayectoria de 12 a\u00f1os en la industria de la planificaci\u00f3n y producci\u00f3n de eventos","breadcrumb":{"@id":"https:\/\/pazsantibanez.com\/?page_id=15#breadcrumb"},"inLanguage":"es","potentialAction":[{"@type":"ReadAction","target":["https:\/\/pazsantibanez.com\/?page_id=15"]}]},{"@type":"ImageObject","inLanguage":"es","@id":"https:\/\/pazsantibanez.com\/?page_id=15#primaryimage","url":"https:\/\/pazsantibanez.com\/wp-content\/uploads\/2024\/02\/IMG_3118.jpg","contentUrl":"https:\/\/pazsantibanez.com\/wp-content\/uploads\/2024\/02\/IMG_3118.jpg","width":1067,"height":1600},{"@type":"BreadcrumbList","@id":"https:\/\/pazsantibanez.com\/?page_id=15#breadcrumb","itemListElement":[{"@type":"ListItem","position":1,"name":"Portada","item":"https:\/\/pazsantibanez.com\/"},{"@type":"ListItem","position":2,"name":"Nosotros"}]},{"@type":"WebSite","@id":"https:\/\/pazsantibanez.com\/#website","url":"https:\/\/pazsantibanez.com\/","name":"Banqueteria PazSantiba\u00f1ez","description":"Banqueteria y Producci\u00f3n de Eventos","publisher":{"@id":"https:\/\/pazsantibanez.com\/#organization"},"potentialAction":[{"@type":"SearchAction","target":{"@type":"EntryPoint","urlTemplate":"https:\/\/pazsantibanez.com\/?s={search_term_string}"},"query-input":"required name=search_term_string"}],"inLanguage":"es"},{"@type":"Organization","@id":"https:\/\/pazsantibanez.com\/#organization","name":"Banqueteria PazSantiba\u00f1ez","alternateName":"Banqueteria y Producci\u00f3n de Eventos","url":"https:\/\/pazsantibanez.com\/","logo":{"@type":"ImageObject","inLanguage":"es","@id":"https:\/\/pazsantibanez.com\/#\/schema\/logo\/image\/","url":"https:\/\/pazsantibanez.com\/wp-content\/uploads\/2024\/02\/paz-santibanez.jpg","contentUrl":"https:\/\/pazsantibanez.com\/wp-content\/uploads\/2024\/02\/paz-santibanez.jpg","width":1080,"height":1080,"caption":"Banqueteria PazSantiba\u00f1ez"},"image":{"@id":"https:\/\/pazsantibanez.com\/#\/schema\/logo\/image\/"},"sameAs":["https:\/\/www.facebook.com\/BanqueteriaPazSantibanez\/","https:\/\/www.instagram.com\/banqueteriapazsantibanez\/"]}]}},"uagb_featured_image_src":{"full":false,"thumbnail":false,"medium":false,"medium_large":false,"large":false,"1536x1536":false,"2048x2048":false},"uagb_author_info":{"display_name":"admin","author_link":"https:\/\/pazsantibanez.com\/?author=1"},"uagb_comment_info":0,"uagb_excerpt":null,"_links":{"self":[{"href":"https:\/\/pazsantibanez.com\/index.php?rest_route=\/wp\/v2\/pages\/15","targetHints":{"allow":["GET"]}}],"collection":[{"href":"https:\/\/pazsantibanez.com\/index.php?rest_route=\/wp\/v2\/pages"}],"about":[{"href":"https:\/\/pazsantibanez.com\/index.php?rest_route=\/wp\/v2\/types\/page"}],"author":[{"embeddable":true,"href":"https:\/\/pazsantibanez.com\/index.php?rest_route=\/wp\/v2\/users\/1"}],"replies":[{"embeddable":true,"href":"https:\/\/pazsantibanez.com\/index.php?rest_route=%2Fwp%2Fv2%2Fcomments&post=15"}],"version-history":[{"count":13,"href":"https:\/\/pazsantibanez.com\/index.php?rest_route=\/wp\/v2\/pages\/15\/revisions"}],"predecessor-version":[{"id":474,"href":"https:\/\/pazsantibanez.com\/index.php?rest_route=\/wp\/v2\/pages\/15\/revisions\/474"}],"wp:attachment":[{"href":"https:\/\/pazsantibanez.com\/index.php?rest_route=%2Fwp%2Fv2%2Fmedia&parent=15"}],"curies":[{"name":"wp","href":"https:\/\/api.w.org\/{rel}","templated":true}]}}